{"id":4350,"date":"2018-06-11T11:58:30","date_gmt":"2018-06-11T09:58:30","guid":{"rendered":"https:\/\/www.dulcesproyectos.es\/pedidos-online\/"},"modified":"2025-11-28T12:36:11","modified_gmt":"2025-11-28T11:36:11","slug":"comandes-en-linia","status":"publish","type":"page","link":"https:\/\/www.dulcesproyectos.es\/ca\/comandes-en-linia\/","title":{"rendered":"Comandes En l\u00ednia"},"content":{"rendered":"","protected":false},"excerpt":{"rendered":"","protected":false},"author":2,"featured_media":4281,"parent":0,"menu_order":0,"comment_status":"closed","ping_status":"closed","template":"","meta":{"footnotes":""},"class_list":["post-4350","page","type-page","status-publish","has-post-thumbnail","hentry"],"yoast_head":"<!-- This site is optimized with the Yoast SEO plugin v27.2 - https:\/\/yoast.com\/product\/yoast-seo-wordpress\/ -->\n<title>Comandes En l\u00ednia - Dulces Proyectos<\/title>\n<meta name=\"description\" content=\"Realitza les teves comandes en l\u00ednia amb la nostra aplicaci\u00f3 de Dulces Proyectos, afegeix i elimina productes, consulta el cat\u00e0leg. M\u00e9s informaci\u00f3 en info@dulcesproyectos.es.\" \/>\n<meta name=\"robots\" content=\"index, follow, max-snippet:-1, max-image-preview:large, max-video-preview:-1\" \/>\n<link rel=\"canonical\" href=\"https:\/\/www.dulcesproyectos.es\/ca\/comandes-en-linia\/\" \/>\n<meta property=\"og:locale\" content=\"ca_ES\" \/>\n<meta property=\"og:type\" content=\"article\" \/>\n<meta property=\"og:title\" content=\"Comandes En l\u00ednia - Dulces Proyectos\" \/>\n<meta property=\"og:description\" content=\"Realitza les teves comandes en l\u00ednia amb la nostra aplicaci\u00f3 de Dulces Proyectos, afegeix i elimina productes, consulta el cat\u00e0leg. M\u00e9s informaci\u00f3 en info@dulcesproyectos.es.\" \/>\n<meta property=\"og:url\" content=\"https:\/\/www.dulcesproyectos.es\/ca\/comandes-en-linia\/\" \/>\n<meta property=\"og:site_name\" content=\"Dulces Proyectos\" \/>\n<meta property=\"article:modified_time\" content=\"2025-11-28T11:36:11+00:00\" \/>\n<meta property=\"og:image\" content=\"https:\/\/www.dulcesproyectos.es\/wp-content\/uploads\/sites\/2\/2025\/09\/Diseno-sin-titulo-e1758099434371.png\" \/>\n\t<meta property=\"og:image:width\" content=\"1920\" \/>\n\t<meta property=\"og:image:height\" content=\"1080\" \/>\n\t<meta property=\"og:image:type\" content=\"image\/png\" \/>\n<meta name=\"twitter:card\" content=\"summary_large_image\" \/>\n<meta name=\"twitter:label1\" content=\"Temps estimat de lectura\" \/>\n\t<meta name=\"twitter:data1\" content=\"1 minut\" \/>\n<script type=\"application\/ld+json\" class=\"yoast-schema-graph\">{\"@context\":\"https:\/\/schema.org\",\"@graph\":[{\"@type\":\"WebPage\",\"@id\":\"https:\/\/www.dulcesproyectos.es\/ca\/comandes-en-linia\/\",\"url\":\"https:\/\/www.dulcesproyectos.es\/ca\/comandes-en-linia\/\",\"name\":\"Comandes En l\u00ednia - Dulces Proyectos\",\"isPartOf\":{\"@id\":\"https:\/\/www.dulcesproyectos.es\/#website\"},\"primaryImageOfPage\":{\"@id\":\"https:\/\/www.dulcesproyectos.es\/ca\/comandes-en-linia\/#primaryimage\"},\"image\":{\"@id\":\"https:\/\/www.dulcesproyectos.es\/ca\/comandes-en-linia\/#primaryimage\"},\"thumbnailUrl\":\"https:\/\/www.dulcesproyectos.es\/wp-content\/uploads\/sites\/2\/2025\/09\/Diseno-sin-titulo-e1758099434371.png\",\"datePublished\":\"2018-06-11T09:58:30+00:00\",\"dateModified\":\"2025-11-28T11:36:11+00:00\",\"description\":\"Realitza les teves comandes en l\u00ednia amb la nostra aplicaci\u00f3 de Dulces Proyectos, afegeix i elimina productes, consulta el cat\u00e0leg. M\u00e9s informaci\u00f3 en info@dulcesproyectos.es.\",\"breadcrumb\":{\"@id\":\"https:\/\/www.dulcesproyectos.es\/ca\/comandes-en-linia\/#breadcrumb\"},\"inLanguage\":\"ca\",\"potentialAction\":[{\"@type\":\"ReadAction\",\"target\":[\"https:\/\/www.dulcesproyectos.es\/ca\/comandes-en-linia\/\"]}]},{\"@type\":\"ImageObject\",\"inLanguage\":\"ca\",\"@id\":\"https:\/\/www.dulcesproyectos.es\/ca\/comandes-en-linia\/#primaryimage\",\"url\":\"https:\/\/www.dulcesproyectos.es\/wp-content\/uploads\/sites\/2\/2025\/09\/Diseno-sin-titulo-e1758099434371.png\",\"contentUrl\":\"https:\/\/www.dulcesproyectos.es\/wp-content\/uploads\/sites\/2\/2025\/09\/Diseno-sin-titulo-e1758099434371.png\",\"width\":1920,\"height\":1080},{\"@type\":\"BreadcrumbList\",\"@id\":\"https:\/\/www.dulcesproyectos.es\/ca\/comandes-en-linia\/#breadcrumb\",\"itemListElement\":[{\"@type\":\"ListItem\",\"position\":1,\"name\":\"Portada\",\"item\":\"https:\/\/www.dulcesproyectos.es\/ca\/\"},{\"@type\":\"ListItem\",\"position\":2,\"name\":\"Comandes En l\u00ednia\"}]},{\"@type\":\"WebSite\",\"@id\":\"https:\/\/www.dulcesproyectos.es\/#website\",\"url\":\"https:\/\/www.dulcesproyectos.es\/\",\"name\":\"Dulces Proyectos\",\"description\":\"Financiar y Organizar Viaje fin de curso - Venta de Mantecados\",\"potentialAction\":[{\"@type\":\"SearchAction\",\"target\":{\"@type\":\"EntryPoint\",\"urlTemplate\":\"https:\/\/www.dulcesproyectos.es\/?s={search_term_string}\"},\"query-input\":{\"@type\":\"PropertyValueSpecification\",\"valueRequired\":true,\"valueName\":\"search_term_string\"}}],\"inLanguage\":\"ca\"}]}<\/script>\n<!-- \/ Yoast SEO plugin. -->","yoast_head_json":{"title":"Comandes En l\u00ednia - Dulces Proyectos","description":"Realitza les teves comandes en l\u00ednia amb la nostra aplicaci\u00f3 de Dulces Proyectos, afegeix i elimina productes, consulta el cat\u00e0leg. M\u00e9s informaci\u00f3 en info@dulcesproyectos.es.","robots":{"index":"index","follow":"follow","max-snippet":"max-snippet:-1","max-image-preview":"max-image-preview:large","max-video-preview":"max-video-preview:-1"},"canonical":"https:\/\/www.dulcesproyectos.es\/ca\/comandes-en-linia\/","og_locale":"ca_ES","og_type":"article","og_title":"Comandes En l\u00ednia - Dulces Proyectos","og_description":"Realitza les teves comandes en l\u00ednia amb la nostra aplicaci\u00f3 de Dulces Proyectos, afegeix i elimina productes, consulta el cat\u00e0leg. M\u00e9s informaci\u00f3 en info@dulcesproyectos.es.","og_url":"https:\/\/www.dulcesproyectos.es\/ca\/comandes-en-linia\/","og_site_name":"Dulces Proyectos","article_modified_time":"2025-11-28T11:36:11+00:00","og_image":[{"width":1920,"height":1080,"url":"https:\/\/www.dulcesproyectos.es\/wp-content\/uploads\/sites\/2\/2025\/09\/Diseno-sin-titulo-e1758099434371.png","type":"image\/png"}],"twitter_card":"summary_large_image","twitter_misc":{"Temps estimat de lectura":"1 minut"},"schema":{"@context":"https:\/\/schema.org","@graph":[{"@type":"WebPage","@id":"https:\/\/www.dulcesproyectos.es\/ca\/comandes-en-linia\/","url":"https:\/\/www.dulcesproyectos.es\/ca\/comandes-en-linia\/","name":"Comandes En l\u00ednia - Dulces Proyectos","isPartOf":{"@id":"https:\/\/www.dulcesproyectos.es\/#website"},"primaryImageOfPage":{"@id":"https:\/\/www.dulcesproyectos.es\/ca\/comandes-en-linia\/#primaryimage"},"image":{"@id":"https:\/\/www.dulcesproyectos.es\/ca\/comandes-en-linia\/#primaryimage"},"thumbnailUrl":"https:\/\/www.dulcesproyectos.es\/wp-content\/uploads\/sites\/2\/2025\/09\/Diseno-sin-titulo-e1758099434371.png","datePublished":"2018-06-11T09:58:30+00:00","dateModified":"2025-11-28T11:36:11+00:00","description":"Realitza les teves comandes en l\u00ednia amb la nostra aplicaci\u00f3 de Dulces Proyectos, afegeix i elimina productes, consulta el cat\u00e0leg. M\u00e9s informaci\u00f3 en info@dulcesproyectos.es.","breadcrumb":{"@id":"https:\/\/www.dulcesproyectos.es\/ca\/comandes-en-linia\/#breadcrumb"},"inLanguage":"ca","potentialAction":[{"@type":"ReadAction","target":["https:\/\/www.dulcesproyectos.es\/ca\/comandes-en-linia\/"]}]},{"@type":"ImageObject","inLanguage":"ca","@id":"https:\/\/www.dulcesproyectos.es\/ca\/comandes-en-linia\/#primaryimage","url":"https:\/\/www.dulcesproyectos.es\/wp-content\/uploads\/sites\/2\/2025\/09\/Diseno-sin-titulo-e1758099434371.png","contentUrl":"https:\/\/www.dulcesproyectos.es\/wp-content\/uploads\/sites\/2\/2025\/09\/Diseno-sin-titulo-e1758099434371.png","width":1920,"height":1080},{"@type":"BreadcrumbList","@id":"https:\/\/www.dulcesproyectos.es\/ca\/comandes-en-linia\/#breadcrumb","itemListElement":[{"@type":"ListItem","position":1,"name":"Portada","item":"https:\/\/www.dulcesproyectos.es\/ca\/"},{"@type":"ListItem","position":2,"name":"Comandes En l\u00ednia"}]},{"@type":"WebSite","@id":"https:\/\/www.dulcesproyectos.es\/#website","url":"https:\/\/www.dulcesproyectos.es\/","name":"Dulces Proyectos","description":"Financiar y Organizar Viaje fin de curso - Venta de Mantecados","potentialAction":[{"@type":"SearchAction","target":{"@type":"EntryPoint","urlTemplate":"https:\/\/www.dulcesproyectos.es\/?s={search_term_string}"},"query-input":{"@type":"PropertyValueSpecification","valueRequired":true,"valueName":"search_term_string"}}],"inLanguage":"ca"}]}},"_links":{"self":[{"href":"https:\/\/www.dulcesproyectos.es\/ca\/wp-json\/wp\/v2\/pages\/4350","targetHints":{"allow":["GET"]}}],"collection":[{"href":"https:\/\/www.dulcesproyectos.es\/ca\/wp-json\/wp\/v2\/pages"}],"about":[{"href":"https:\/\/www.dulcesproyectos.es\/ca\/wp-json\/wp\/v2\/types\/page"}],"author":[{"embeddable":true,"href":"https:\/\/www.dulcesproyectos.es\/ca\/wp-json\/wp\/v2\/users\/2"}],"replies":[{"embeddable":true,"href":"https:\/\/www.dulcesproyectos.es\/ca\/wp-json\/wp\/v2\/comments?post=4350"}],"version-history":[{"count":1,"href":"https:\/\/www.dulcesproyectos.es\/ca\/wp-json\/wp\/v2\/pages\/4350\/revisions"}],"predecessor-version":[{"id":4352,"href":"https:\/\/www.dulcesproyectos.es\/ca\/wp-json\/wp\/v2\/pages\/4350\/revisions\/4352"}],"wp:featuredmedia":[{"embeddable":true,"href":"https:\/\/www.dulcesproyectos.es\/ca\/wp-json\/wp\/v2\/media\/4281"}],"wp:attachment":[{"href":"https:\/\/www.dulcesproyectos.es\/ca\/wp-json\/wp\/v2\/media?parent=4350"}],"curies":[{"name":"wp","href":"https:\/\/api.w.org\/{rel}","templated":true}]}}