{"id":4356,"date":"2018-07-13T11:16:37","date_gmt":"2018-07-13T09:16:37","guid":{"rendered":"https:\/\/www.dulcesproyectos.es\/regalos\/"},"modified":"2025-11-28T12:45:41","modified_gmt":"2025-11-28T11:45:41","slug":"regals","status":"publish","type":"page","link":"https:\/\/www.dulcesproyectos.es\/ca\/regals\/","title":{"rendered":"Regals"},"content":{"rendered":"<div class=\"wpb-content-wrapper\"><p>[vc_row][vc_column][vc_column_text css=&#8221;&#8221;]<\/p>\n<h2 style=\"text-align: center;\">Aconsegueix Regals Genials!<\/h2>\n<p>[\/vc_column_text][vc_column_text css=&#8221;&#8221;]<\/p>\n<p style=\"text-align: center;\">Amb Dulces Proyectos, a m\u00e9s de tenir un munt de productes que vendre a la teva fam\u00edlia i amics, rebr\u00e0s paperetes per a entrar en el <strong>sorteig de regals<\/strong> genials com, un creuer per a dues persones, televisors&#8230;Si vols, <strong>pots vendre les paperetes<\/strong> tamb\u00e9 entre els teus contactes, per a aconseguir diners extres per al teu viatge.<\/p>\n<p>[\/vc_column_text][\/vc_column][\/vc_row][vc_row disable_element=&#8221;yes&#8221;][vc_column][vc_single_image image=&#8221;3842&#8243; img_size=&#8221;full&#8221; alignment=&#8221;center&#8221; title=&#8221;MERCEDES AMG GLE-53&#8243;][\/vc_column][\/vc_row][vc_row][vc_column width=&#8221;1\/2&#8243;][vc_column_text css=&#8221;&#8221;]<\/p>\n<h2 style=\"text-align: center;\">Creuer per a dos<\/h2>\n<p>[\/vc_column_text][vc_single_image image=&#8221;3568&#8243; img_size=&#8221;full&#8221;][\/vc_column][vc_column width=&#8221;1\/2&#8243;][vc_cta h2=&#8221;Tot s\u00f3n Avantatges&#8221; css=&#8221;&#8221;]<i class=\"fa fa-check ok\" aria-hidden=\"true\"><a href=\"https:\/\/www.dulcesproyectos.es\/wp-content\/uploads\/sites\/2\/2018\/07\/Financia-tu-viaje-de-fin-de-curso-Dulces-Proyectos.png\"><img decoding=\"async\" class=\"alignnone wp-image-3076\" src=\"https:\/\/www.dulcesproyectos.es\/wp-content\/uploads\/sites\/2\/2018\/07\/Financia-tu-viaje-de-fin-de-curso-Dulces-Proyectos.png\" alt=\"\" width=\"23\" height=\"19\" \/><\/a><\/i>Sortejos amb grans premis<\/p>\n<p><i class=\"fa fa-check ok\" aria-hidden=\"true\"><a href=\"https:\/\/www.dulcesproyectos.es\/wp-content\/uploads\/sites\/2\/2018\/07\/Financia-tu-viaje-de-fin-de-curso-Dulces-Proyectos.png\"><img decoding=\"async\" class=\"alignnone wp-image-3076\" src=\"https:\/\/www.dulcesproyectos.es\/wp-content\/uploads\/sites\/2\/2018\/07\/Financia-tu-viaje-de-fin-de-curso-Dulces-Proyectos.png\" alt=\"\" width=\"23\" height=\"19\" \/><\/a><\/i>Aconsegueix finan\u00e7ament extra venent les paperetes<\/p>\n<p><i class=\"fa fa-check ok\" aria-hidden=\"true\"><a href=\"https:\/\/www.dulcesproyectos.es\/wp-content\/uploads\/sites\/2\/2018\/07\/Financia-tu-viaje-de-fin-de-curso-Dulces-Proyectos.png\"><img decoding=\"async\" class=\"alignnone wp-image-3076\" src=\"https:\/\/www.dulcesproyectos.es\/wp-content\/uploads\/sites\/2\/2018\/07\/Financia-tu-viaje-de-fin-de-curso-Dulces-Proyectos.png\" alt=\"\" width=\"23\" height=\"19\" \/><\/a><\/i>Finan\u00e7a els teus viatges amb la garantia de Dulces La Ponderosa<\/p>\n<p><i class=\"fa fa-check ok\" aria-hidden=\"true\"><a href=\"https:\/\/www.dulcesproyectos.es\/wp-content\/uploads\/sites\/2\/2018\/07\/Financia-tu-viaje-de-fin-de-curso-Dulces-Proyectos.png\"><img decoding=\"async\" class=\"alignnone wp-image-3076\" src=\"https:\/\/www.dulcesproyectos.es\/wp-content\/uploads\/sites\/2\/2018\/07\/Financia-tu-viaje-de-fin-de-curso-Dulces-Proyectos.png\" alt=\"\" width=\"23\" height=\"19\" \/><\/a><\/i>Facilitat en el pagament de les teves comandes<\/p>\n<p><i class=\"fa fa-check ok\" aria-hidden=\"true\"><a href=\"https:\/\/www.dulcesproyectos.es\/wp-content\/uploads\/sites\/2\/2018\/07\/Financia-tu-viaje-de-fin-de-curso-Dulces-Proyectos.png\"><img decoding=\"async\" class=\"alignnone wp-image-3076\" src=\"https:\/\/www.dulcesproyectos.es\/wp-content\/uploads\/sites\/2\/2018\/07\/Financia-tu-viaje-de-fin-de-curso-Dulces-Proyectos.png\" alt=\"\" width=\"23\" height=\"19\" \/><\/a><\/i>Sense necessitat de fer comanda m\u00ednima<\/p>\n<p><i class=\"fa fa-check ok\" aria-hidden=\"true\"><a href=\"https:\/\/www.dulcesproyectos.es\/wp-content\/uploads\/sites\/2\/2018\/07\/Financia-tu-viaje-de-fin-de-curso-Dulces-Proyectos.png\"><img decoding=\"async\" class=\"alignnone wp-image-3076\" src=\"https:\/\/www.dulcesproyectos.es\/wp-content\/uploads\/sites\/2\/2018\/07\/Financia-tu-viaje-de-fin-de-curso-Dulces-Proyectos.png\" alt=\"\" width=\"23\" height=\"19\" \/><\/a><\/i>Productes de qualitat, amb dissenys atractius<\/p>\n<p><i class=\"fa fa-check ok\" aria-hidden=\"true\"><a href=\"https:\/\/www.dulcesproyectos.es\/wp-content\/uploads\/sites\/2\/2018\/07\/Financia-tu-viaje-de-fin-de-curso-Dulces-Proyectos.png\"><img decoding=\"async\" class=\"alignnone wp-image-3076\" src=\"https:\/\/www.dulcesproyectos.es\/wp-content\/uploads\/sites\/2\/2018\/07\/Financia-tu-viaje-de-fin-de-curso-Dulces-Proyectos.png\" alt=\"\" width=\"23\" height=\"19\" \/><\/a><\/i>Gesti\u00f3 en l\u00ednia de la teva campanya amb la nostra aplicaci\u00f3[\/vc_cta][\/vc_column][\/vc_row][vc_row][vc_column][vc_column_text css=&#8221;&#8221;]<\/p>\n<h2 style=\"text-align: center;\">Crea la teva campanya de mantegades amb nosaltres<\/h2>\n<p>[\/vc_column_text][vc_btn title=&#8221;Comen\u00e7ar la teva campanya&#8221; color=&#8221;black&#8221; align=&#8221;center&#8221; css=&#8221;&#8221; link=&#8221;url:https%3A%2F%2Fwww.dulcesproyectos.es%2Fca%2Fcrea-la-teva-campanya%2F|target:_blank&#8221; el_class=&#8221;boton_dulce&#8221;][\/vc_column][\/vc_row]<\/p>\n<\/div>","protected":false},"excerpt":{"rendered":"<p>[vc_row][vc_column][vc_column_text css=&#8221;&#8221;] Aconsegueix Regals Genials! [\/vc_column_text][vc_column_text css=&#8221;&#8221;] Amb Dulces Proyectos, a m\u00e9s de tenir un munt de productes que vendre a la teva fam\u00edlia i amics, rebr\u00e0s paperetes per a entrar en el sorteig de regals genials com, un creuer per a dues persones, televisors&#8230;Si vols, pots vendre les paperetes<span class=\"excerpt-hellip\"> [\u2026]<\/span><\/p>\n","protected":false},"author":2,"featured_media":3568,"parent":0,"menu_order":0,"comment_status":"closed","ping_status":"closed","template":"","meta":{"footnotes":""},"class_list":["post-4356","page","type-page","status-publish","has-post-thumbnail","hentry"],"yoast_head":"<!-- This site is optimized with the Yoast SEO plugin v27.2 - https:\/\/yoast.com\/product\/yoast-seo-wordpress\/ -->\n<title>Regals - Dulces Proyectos<\/title>\n<meta name=\"description\" content=\"En Dulces Proyectos, tenim fant\u00e0stics regals per a tu. Nom\u00e9s per crear la teva campanya de mantegats amb nosaltres participa en el sorteig d&#039;incre\u00efbles premis.\" \/>\n<meta name=\"robots\" content=\"index, follow, max-snippet:-1, max-image-preview:large, max-video-preview:-1\" \/>\n<link rel=\"canonical\" href=\"https:\/\/www.dulcesproyectos.es\/ca\/regals\/\" \/>\n<meta property=\"og:locale\" content=\"ca_ES\" \/>\n<meta property=\"og:type\" content=\"article\" \/>\n<meta property=\"og:title\" content=\"Regals - Dulces Proyectos\" \/>\n<meta property=\"og:description\" content=\"En Dulces Proyectos, tenim fant\u00e0stics regals per a tu. Nom\u00e9s per crear la teva campanya de mantegats amb nosaltres participa en el sorteig d&#039;incre\u00efbles premis.\" \/>\n<meta property=\"og:url\" content=\"https:\/\/www.dulcesproyectos.es\/ca\/regals\/\" \/>\n<meta property=\"og:site_name\" content=\"Dulces Proyectos\" \/>\n<meta property=\"article:modified_time\" content=\"2025-11-28T11:45:41+00:00\" \/>\n<meta property=\"og:image\" content=\"https:\/\/www.dulcesproyectos.es\/wp-content\/uploads\/sites\/2\/2018\/07\/dreamstime_xxl_8875930.psd_-e1531406566130.jpg\" \/>\n\t<meta property=\"og:image:width\" content=\"700\" \/>\n\t<meta property=\"og:image:height\" content=\"567\" \/>\n\t<meta property=\"og:image:type\" content=\"image\/jpeg\" \/>\n<meta name=\"twitter:card\" content=\"summary_large_image\" \/>\n<meta name=\"twitter:label1\" content=\"Temps estimat de lectura\" \/>\n\t<meta name=\"twitter:data1\" content=\"3 minuts\" \/>\n<script type=\"application\/ld+json\" class=\"yoast-schema-graph\">{\"@context\":\"https:\/\/schema.org\",\"@graph\":[{\"@type\":\"WebPage\",\"@id\":\"https:\/\/www.dulcesproyectos.es\/ca\/regals\/\",\"url\":\"https:\/\/www.dulcesproyectos.es\/ca\/regals\/\",\"name\":\"Regals - Dulces Proyectos\",\"isPartOf\":{\"@id\":\"https:\/\/www.dulcesproyectos.es\/#website\"},\"primaryImageOfPage\":{\"@id\":\"https:\/\/www.dulcesproyectos.es\/ca\/regals\/#primaryimage\"},\"image\":{\"@id\":\"https:\/\/www.dulcesproyectos.es\/ca\/regals\/#primaryimage\"},\"thumbnailUrl\":\"https:\/\/www.dulcesproyectos.es\/wp-content\/uploads\/sites\/2\/2018\/07\/dreamstime_xxl_8875930.psd_-e1531406566130.jpg\",\"datePublished\":\"2018-07-13T09:16:37+00:00\",\"dateModified\":\"2025-11-28T11:45:41+00:00\",\"description\":\"En Dulces Proyectos, tenim fant\u00e0stics regals per a tu. Nom\u00e9s per crear la teva campanya de mantegats amb nosaltres participa en el sorteig d'incre\u00efbles premis.\",\"breadcrumb\":{\"@id\":\"https:\/\/www.dulcesproyectos.es\/ca\/regals\/#breadcrumb\"},\"inLanguage\":\"ca\",\"potentialAction\":[{\"@type\":\"ReadAction\",\"target\":[\"https:\/\/www.dulcesproyectos.es\/ca\/regals\/\"]}]},{\"@type\":\"ImageObject\",\"inLanguage\":\"ca\",\"@id\":\"https:\/\/www.dulcesproyectos.es\/ca\/regals\/#primaryimage\",\"url\":\"https:\/\/www.dulcesproyectos.es\/wp-content\/uploads\/sites\/2\/2018\/07\/dreamstime_xxl_8875930.psd_-e1531406566130.jpg\",\"contentUrl\":\"https:\/\/www.dulcesproyectos.es\/wp-content\/uploads\/sites\/2\/2018\/07\/dreamstime_xxl_8875930.psd_-e1531406566130.jpg\",\"width\":700,\"height\":567},{\"@type\":\"BreadcrumbList\",\"@id\":\"https:\/\/www.dulcesproyectos.es\/ca\/regals\/#breadcrumb\",\"itemListElement\":[{\"@type\":\"ListItem\",\"position\":1,\"name\":\"Portada\",\"item\":\"https:\/\/www.dulcesproyectos.es\/ca\/\"},{\"@type\":\"ListItem\",\"position\":2,\"name\":\"Regals\"}]},{\"@type\":\"WebSite\",\"@id\":\"https:\/\/www.dulcesproyectos.es\/#website\",\"url\":\"https:\/\/www.dulcesproyectos.es\/\",\"name\":\"Dulces Proyectos\",\"description\":\"Financiar y Organizar Viaje fin de curso - Venta de Mantecados\",\"potentialAction\":[{\"@type\":\"SearchAction\",\"target\":{\"@type\":\"EntryPoint\",\"urlTemplate\":\"https:\/\/www.dulcesproyectos.es\/?s={search_term_string}\"},\"query-input\":{\"@type\":\"PropertyValueSpecification\",\"valueRequired\":true,\"valueName\":\"search_term_string\"}}],\"inLanguage\":\"ca\"}]}<\/script>\n<!-- \/ Yoast SEO plugin. -->","yoast_head_json":{"title":"Regals - Dulces Proyectos","description":"En Dulces Proyectos, tenim fant\u00e0stics regals per a tu. Nom\u00e9s per crear la teva campanya de mantegats amb nosaltres participa en el sorteig d'incre\u00efbles premis.","robots":{"index":"index","follow":"follow","max-snippet":"max-snippet:-1","max-image-preview":"max-image-preview:large","max-video-preview":"max-video-preview:-1"},"canonical":"https:\/\/www.dulcesproyectos.es\/ca\/regals\/","og_locale":"ca_ES","og_type":"article","og_title":"Regals - Dulces Proyectos","og_description":"En Dulces Proyectos, tenim fant\u00e0stics regals per a tu. Nom\u00e9s per crear la teva campanya de mantegats amb nosaltres participa en el sorteig d'incre\u00efbles premis.","og_url":"https:\/\/www.dulcesproyectos.es\/ca\/regals\/","og_site_name":"Dulces Proyectos","article_modified_time":"2025-11-28T11:45:41+00:00","og_image":[{"width":700,"height":567,"url":"https:\/\/www.dulcesproyectos.es\/wp-content\/uploads\/sites\/2\/2018\/07\/dreamstime_xxl_8875930.psd_-e1531406566130.jpg","type":"image\/jpeg"}],"twitter_card":"summary_large_image","twitter_misc":{"Temps estimat de lectura":"3 minuts"},"schema":{"@context":"https:\/\/schema.org","@graph":[{"@type":"WebPage","@id":"https:\/\/www.dulcesproyectos.es\/ca\/regals\/","url":"https:\/\/www.dulcesproyectos.es\/ca\/regals\/","name":"Regals - Dulces Proyectos","isPartOf":{"@id":"https:\/\/www.dulcesproyectos.es\/#website"},"primaryImageOfPage":{"@id":"https:\/\/www.dulcesproyectos.es\/ca\/regals\/#primaryimage"},"image":{"@id":"https:\/\/www.dulcesproyectos.es\/ca\/regals\/#primaryimage"},"thumbnailUrl":"https:\/\/www.dulcesproyectos.es\/wp-content\/uploads\/sites\/2\/2018\/07\/dreamstime_xxl_8875930.psd_-e1531406566130.jpg","datePublished":"2018-07-13T09:16:37+00:00","dateModified":"2025-11-28T11:45:41+00:00","description":"En Dulces Proyectos, tenim fant\u00e0stics regals per a tu. Nom\u00e9s per crear la teva campanya de mantegats amb nosaltres participa en el sorteig d'incre\u00efbles premis.","breadcrumb":{"@id":"https:\/\/www.dulcesproyectos.es\/ca\/regals\/#breadcrumb"},"inLanguage":"ca","potentialAction":[{"@type":"ReadAction","target":["https:\/\/www.dulcesproyectos.es\/ca\/regals\/"]}]},{"@type":"ImageObject","inLanguage":"ca","@id":"https:\/\/www.dulcesproyectos.es\/ca\/regals\/#primaryimage","url":"https:\/\/www.dulcesproyectos.es\/wp-content\/uploads\/sites\/2\/2018\/07\/dreamstime_xxl_8875930.psd_-e1531406566130.jpg","contentUrl":"https:\/\/www.dulcesproyectos.es\/wp-content\/uploads\/sites\/2\/2018\/07\/dreamstime_xxl_8875930.psd_-e1531406566130.jpg","width":700,"height":567},{"@type":"BreadcrumbList","@id":"https:\/\/www.dulcesproyectos.es\/ca\/regals\/#breadcrumb","itemListElement":[{"@type":"ListItem","position":1,"name":"Portada","item":"https:\/\/www.dulcesproyectos.es\/ca\/"},{"@type":"ListItem","position":2,"name":"Regals"}]},{"@type":"WebSite","@id":"https:\/\/www.dulcesproyectos.es\/#website","url":"https:\/\/www.dulcesproyectos.es\/","name":"Dulces Proyectos","description":"Financiar y Organizar Viaje fin de curso - Venta de Mantecados","potentialAction":[{"@type":"SearchAction","target":{"@type":"EntryPoint","urlTemplate":"https:\/\/www.dulcesproyectos.es\/?s={search_term_string}"},"query-input":{"@type":"PropertyValueSpecification","valueRequired":true,"valueName":"search_term_string"}}],"inLanguage":"ca"}]}},"_links":{"self":[{"href":"https:\/\/www.dulcesproyectos.es\/ca\/wp-json\/wp\/v2\/pages\/4356","targetHints":{"allow":["GET"]}}],"collection":[{"href":"https:\/\/www.dulcesproyectos.es\/ca\/wp-json\/wp\/v2\/pages"}],"about":[{"href":"https:\/\/www.dulcesproyectos.es\/ca\/wp-json\/wp\/v2\/types\/page"}],"author":[{"embeddable":true,"href":"https:\/\/www.dulcesproyectos.es\/ca\/wp-json\/wp\/v2\/users\/2"}],"replies":[{"embeddable":true,"href":"https:\/\/www.dulcesproyectos.es\/ca\/wp-json\/wp\/v2\/comments?post=4356"}],"version-history":[{"count":3,"href":"https:\/\/www.dulcesproyectos.es\/ca\/wp-json\/wp\/v2\/pages\/4356\/revisions"}],"predecessor-version":[{"id":4360,"href":"https:\/\/www.dulcesproyectos.es\/ca\/wp-json\/wp\/v2\/pages\/4356\/revisions\/4360"}],"wp:featuredmedia":[{"embeddable":true,"href":"https:\/\/www.dulcesproyectos.es\/ca\/wp-json\/wp\/v2\/media\/3568"}],"wp:attachment":[{"href":"https:\/\/www.dulcesproyectos.es\/ca\/wp-json\/wp\/v2\/media?parent=4356"}],"curies":[{"name":"wp","href":"https:\/\/api.w.org\/{rel}","templated":true}]}}