{"id":4366,"date":"2018-06-12T10:21:27","date_gmt":"2018-06-12T08:21:27","guid":{"rendered":"https:\/\/www.dulcesproyectos.es\/crea-tu-campana\/"},"modified":"2025-11-28T13:26:10","modified_gmt":"2025-11-28T12:26:10","slug":"crea-la-teva-campanya","status":"publish","type":"page","link":"https:\/\/www.dulcesproyectos.es\/ca\/crea-la-teva-campanya\/","title":{"rendered":"Crea la teva Campanya"},"content":{"rendered":"<div class=\"wpb-content-wrapper\"><p>[vc_row full_width=&#8221;stretch_row_content&#8221; css=&#8221;.vc_custom_1531476432829{background-color: #ffffff !important;}&#8221;][vc_column][vc_empty_space height=&#8221;5px&#8221;][\/vc_column][\/vc_row][vc_row][vc_column width=&#8221;1\/2&#8243;][vc_column_text css=&#8221;&#8221;]<\/p>\n<h3 style=\"text-align: center;\">Preguntes Freq\u00fcents<\/h3>\n<p>[\/vc_column_text][vc_toggle title=&#8221;Puc Finan\u00e7ar un viatge en solitari?&#8221; css=&#8221;&#8221;]Les nostres campanyes de mantegades estan pensades nom\u00e9s per a viatges grupals[\/vc_toggle][vc_toggle title=&#8221;Quin tipus de viatge puc finan\u00e7ar amb Dulces Proyectos?&#8221; css=&#8221;&#8221;]Viatges culturals, esportius, escolars, universitaris, projectes ben\u00e8fics[\/vc_toggle][vc_toggle title=&#8221;Haig de pagar els productes quan realitzo la comanda final?&#8221; css=&#8221;&#8221;]El pagament dels productes en comandes realitzades per alumnes, es pot fer mitjan\u00e7ant la passarel\u00b7la de pagament de l&#8217;app (Targeta, Bizum o PayPal) o b\u00e9, pagar a l&#8217;encarregat de l&#8217;organitzaci\u00f3 de la campanya segons el que s&#8217;hagi acordat.[\/vc_toggle][vc_toggle title=&#8221;Hem de designar un representant del grup?&#8221; css=&#8221;&#8221;]S\u00ed, has d&#8217;indicar l&#8217;email i tel\u00e8fon del representant del grup en emplenar el nostre formulari de contacte i un comercial es posar\u00e0 en contacte amb ell.[\/vc_toggle][vc_toggle title=&#8221;Com realitzo la meva comanda?&#8221; css=&#8221;&#8221;]Molt f\u00e0cil! Desc\u00e0rrega la nostra app accedeix amb les dades que et proporcioni el representant del grup i gestiona la teva comanda en l\u00ednia.[\/vc_toggle][\/vc_column][vc_column width=&#8221;1\/2&#8243;][vc_column_text css=&#8221;&#8221;]<\/p>\n<h3 style=\"text-align: center;\">Tot Avantatges<\/h3>\n<p>[\/vc_column_text][vc_toggle title=&#8221;Gesti\u00f3 en l\u00ednia de les teves comandes&#8221; css=&#8221;&#8221;]A trav\u00e9s de la nostra App[\/vc_toggle][vc_toggle title=&#8221;App disponible 24 hores&#8221; css=&#8221;&#8221;]Demana les 24 hores. durant els 7 dies de la setmana[\/vc_toggle][vc_toggle title=&#8221;Sense gats d&#8217;enviament&#8221; css=&#8221;&#8221;]Rep els productes gratis, sense pagar despeses d&#8217;enviament[\/vc_toggle][vc_toggle title=&#8221;Productes divertits&#8221; css=&#8221;&#8221;]Assortiments, cofres, llaunes, cubs&#8230;[\/vc_toggle][vc_toggle title=&#8221;Productes de qualitat&#8221; css=&#8221;&#8221;]Fabricats per Dulces La Ponderosa, des de 1955[\/vc_toggle][vc_toggle title=&#8221;Dissenys atractius i actuals&#8221; css=&#8221;&#8221;]Colorits, divertits&#8230; perqu\u00e8 els teus productes agradin encara m\u00e9s[\/vc_toggle][\/vc_column][\/vc_row][vc_row full_width=&#8221;stretch_row_content&#8221; css=&#8221;.vc_custom_1531476432829{background-color: #ffffff !important;}&#8221;][vc_column][vc_separator color=&#8221;custom&#8221; border_width=&#8221;5&#8243; accent_color=&#8221;#a8192b&#8221;][\/vc_column][\/vc_row][vc_row][vc_column][vc_column_text css=&#8221;&#8221;]<\/p>\n<h3 style=\"text-align: center;\">Crea la teva Campanya: Passos a seguir<\/h3>\n<p>[\/vc_column_text][vc_column_text css=&#8221;&#8221;]<\/p>\n<p style=\"text-align: center;\">\u00c9s molt senzill, <strong>farcida les teves dades, accedeix a la nostra app<\/strong> des d&#8217;on podr\u00e0s gestionar totes les teves comandes, <strong>mostra el cat\u00e0leg<\/strong> a familiars i amics, <strong>demana els teus lots<\/strong>, i <strong>rep-los<\/strong> sense pagar despeses d&#8217;enviament.<\/p>\n<p>[\/vc_column_text][\/vc_column][\/vc_row][vc_row full_width=&#8221;stretch_row&#8221; css=&#8221;.vc_custom_1531409718887{background-color: #ffffff !important;}&#8221;][vc_column][vc_column_text css=&#8221;&#8221;]<\/p>\n<h3 style=\"text-align: center;\">1.Emplena les teves dades<\/h3>\n<p>[\/vc_column_text][vc_column_text css=&#8221;&#8221;]<\/p>\n<p style=\"text-align: center;\">Explica&#8217;ns si ets una <strong>organitzaci\u00f3, col\u00b7legi, universitat<\/strong>. Dona&#8217;ns les dades del representant del grup i els nostres comercials es posaran en contacte amb vosaltres.<\/p>\n<p>[\/vc_column_text]\n<div class=\"wpcf7 no-js\" id=\"wpcf7-f3614-o1\" lang=\"en-US\" dir=\"ltr\" data-wpcf7-id=\"3614\">\n<div class=\"screen-reader-response\"><p role=\"status\" aria-live=\"polite\" aria-atomic=\"true\"><\/p> <ul><\/ul><\/div>\n<form action=\"\/ca\/wp-json\/wp\/v2\/pages\/4366#wpcf7-f3614-o1\" method=\"post\" class=\"wpcf7-form init\" aria-label=\"Contact form\" novalidate=\"novalidate\" data-status=\"init\">\n<fieldset class=\"hidden-fields-container\"><input type=\"hidden\" name=\"_wpcf7\" value=\"3614\" \/><input type=\"hidden\" name=\"_wpcf7_version\" value=\"6.1.5\" \/><input type=\"hidden\" name=\"_wpcf7_locale\" value=\"en_US\" \/><input type=\"hidden\" name=\"_wpcf7_unit_tag\" value=\"wpcf7-f3614-o1\" \/><input type=\"hidden\" name=\"_wpcf7_container_post\" value=\"0\" \/><input type=\"hidden\" name=\"_wpcf7_posted_data_hash\" value=\"\" \/><input type=\"hidden\" name=\"_wpcf7_recaptcha_response\" value=\"\" \/>\n<\/fieldset>\n<div class=\"column one-second\">\n\t<p><span class=\"wpcf7-form-control-wrap\" data-name=\"your-name\"><input size=\"40\" maxlength=\"400\" class=\"wpcf7-form-control wpcf7-text wpcf7-validates-as-required\" aria-required=\"true\" aria-invalid=\"false\" placeholder=\"El teu nom (requerido)\" value=\"\" type=\"text\" name=\"your-name\" \/><\/span>\n\t<\/p>\n<\/div>\n<div class=\"column one-second\">\n\t<p><span class=\"wpcf7-form-control-wrap\" data-name=\"your-surname\"><input size=\"40\" maxlength=\"400\" class=\"wpcf7-form-control wpcf7-text wpcf7-validates-as-required\" aria-required=\"true\" aria-invalid=\"false\" placeholder=\"El teu cognom (requerido)\" value=\"\" type=\"text\" name=\"your-surname\" \/><\/span>\n\t<\/p>\n<\/div>\n<div class=\"column one-second\">\n\t<p><span class=\"wpcf7-form-control-wrap\" data-name=\"empresa\"><input size=\"40\" maxlength=\"400\" class=\"wpcf7-form-control wpcf7-text wpcf7-validates-as-required\" aria-required=\"true\" aria-invalid=\"false\" placeholder=\"Centre (requerido)\" value=\"\" type=\"text\" name=\"empresa\" \/><\/span>\n\t<\/p>\n<\/div>\n<div class=\"column one-second\">\n\t<p><span class=\"wpcf7-form-control-wrap\" data-name=\"direction-empresa\"><input size=\"40\" maxlength=\"400\" class=\"wpcf7-form-control wpcf7-text wpcf7-validates-as-required\" aria-required=\"true\" aria-invalid=\"false\" placeholder=\"Direcci\u00f3 del Centre (requerido)\" value=\"\" type=\"text\" name=\"direction-empresa\" \/><\/span>\n\t<\/p>\n<\/div>\n<div class=\"column one-second\">\n\t<p><span class=\"wpcf7-form-control-wrap\" data-name=\"telephone\"><input size=\"40\" maxlength=\"400\" class=\"wpcf7-form-control wpcf7-text wpcf7-validates-as-required\" aria-required=\"true\" aria-invalid=\"false\" placeholder=\"Tel\u00e8fon (requerido)\" value=\"\" type=\"text\" name=\"telephone\" \/><\/span>\n\t<\/p>\n<\/div>\n<div class=\"column one-second\">\n\t<p><span class=\"wpcf7-form-control-wrap\" data-name=\"your-email\"><input size=\"40\" maxlength=\"400\" class=\"wpcf7-form-control wpcf7-email wpcf7-validates-as-required wpcf7-text wpcf7-validates-as-email\" aria-required=\"true\" aria-invalid=\"false\" placeholder=\"El teu e-mail (requerido)\" value=\"\" type=\"email\" name=\"your-email\" \/><\/span>\n\t<\/p>\n<\/div>\n<div class=\"column one-second\">\n\t<p><span class=\"wpcf7-form-control-wrap\" data-name=\"municipio\"><input size=\"40\" maxlength=\"400\" class=\"wpcf7-form-control wpcf7-text wpcf7-validates-as-required\" aria-required=\"true\" aria-invalid=\"false\" placeholder=\"Municipi (requerido)\" value=\"\" type=\"text\" name=\"municipio\" \/><\/span>\n\t<\/p>\n<\/div>\n<div class=\"column one-second\">\n\t<p><span class=\"wpcf7-form-control-wrap\" data-name=\"provincia\"><input size=\"40\" maxlength=\"400\" class=\"wpcf7-form-control wpcf7-text wpcf7-validates-as-required\" aria-required=\"true\" aria-invalid=\"false\" placeholder=\"Prov\u00edncia (requerido)\" value=\"\" type=\"text\" name=\"provincia\" \/><\/span>\n\t<\/p>\n<\/div>\n<div class=\"column one\">\n\t<p><span class=\"wpcf7-form-control-wrap\" data-name=\"contact-person\"><input size=\"40\" maxlength=\"400\" class=\"wpcf7-form-control wpcf7-text wpcf7-validates-as-required\" aria-required=\"true\" aria-invalid=\"false\" placeholder=\"Email o Tel\u00e8fon representante del grupo (requerido)\" value=\"\" type=\"text\" name=\"contact-person\" \/><\/span>\n\t<\/p>\n<\/div>\n<div class=\"column one\">\n\t<p><span class=\"wpcf7-form-control-wrap\" data-name=\"your-subject\"><input size=\"40\" maxlength=\"400\" class=\"wpcf7-form-control wpcf7-text wpcf7-validates-as-required\" aria-required=\"true\" aria-invalid=\"false\" placeholder=\"Assumpte (requerido)\" value=\"\" type=\"text\" name=\"your-subject\" \/><\/span>\n\t<\/p>\n<\/div>\n<div class=\"column one\">\n\t<p><span class=\"wpcf7-form-control-wrap\" data-name=\"your-message\"><textarea cols=\"40\" rows=\"5\" maxlength=\"2000\" class=\"wpcf7-form-control wpcf7-textarea wpcf7-validates-as-required\" aria-required=\"true\" aria-invalid=\"false\" placeholder=\"Missatge (requerido)\" name=\"your-message\"><\/textarea><\/span>\n\t<\/p>\n<\/div>\n<div class=\"column one\">\n\t<p><input class=\"wpcf7-form-control wpcf7-submit has-spinner button_full_width\" type=\"submit\" value=\"Enviar\" \/>\n\t<\/p>\n<\/div><div class=\"wpcf7-response-output\" aria-hidden=\"true\"><\/div>\n<\/form>\n<\/div>\n[\/vc_column][\/vc_row][vc_row full_width=&#8221;stretch_row&#8221; css=&#8221;.vc_custom_1531906075674{padding-top: 0px !important;background-color: #ffffff !important;}&#8221;][vc_column][vc_column_text css=&#8221;&#8221;]<\/p>\n<h3 style=\"text-align: center;\">2.Accedeix a l&#8217;App<\/h3>\n<p>[\/vc_column_text][vc_column_text css=&#8221;&#8221;]<\/p>\n<p style=\"text-align: center;\">El representant del grup o professor us donar\u00e0 les dades d&#8217;acc\u00e9s a l&#8217;App, des d&#8217;on podreu gestionar tota la vostra campanya de mantegades. <strong>Descarrega-la gratis! Disponible per a IOS i Android.<\/strong><\/p>\n<p>[\/vc_column_text][\/vc_column][\/vc_row][vc_row full_width=&#8221;stretch_row&#8221; content_placement=&#8221;middle&#8221; css=&#8221;.vc_custom_1758099505151{background-color: #ffffff !important;}&#8221;][vc_column width=&#8221;1\/2&#8243;][vc_single_image image=&#8221;4281&#8243; img_size=&#8221;full&#8221; alignment=&#8221;center&#8221; css=&#8221;&#8221;][\/vc_column][vc_column width=&#8221;1\/2&#8243;][vc_column_text css=&#8221;&#8221;]<\/p>\n<p style=\"text-align: center;\"><strong>Desc\u00e0rrega l&#8217;App per a Android<\/strong><\/p>\n<p>[\/vc_column_text][vc_icon icon_fontawesome=&#8221;fa fa-brands fa-android&#8221; color=&#8221;custom&#8221; size=&#8221;xl&#8221; align=&#8221;center&#8221; css=&#8221;&#8221; link=&#8221;url:https%3A%2F%2Fplay.google.com%2Fstore%2Fapps%2Fdetails%3Fid%3Dcom.dulceslaponderosa.dulcesproyectos_app%26pli%3D1|target:_blank&#8221; custom_color=&#8221;#85868C&#8221;][vc_column_text css=&#8221;&#8221;]<\/p>\n<p style=\"text-align: center;\"><strong>Desc\u00e0rrega l&#8217;App per a IOS<\/strong><\/p>\n<p>[\/vc_column_text][vc_icon icon_fontawesome=&#8221;fa fa-brands fa-apple&#8221; color=&#8221;custom&#8221; size=&#8221;xl&#8221; align=&#8221;center&#8221; css=&#8221;&#8221; link=&#8221;url:https%3A%2F%2Fapps.apple.com%2Fes%2Fapp%2Fdulces-proyectos%2Fid6749620221|target:_blank&#8221; custom_color=&#8221;#85868C&#8221;][\/vc_column][\/vc_row][vc_row full_width=&#8221;stretch_row&#8221; css=&#8221;.vc_custom_1531409718887{background-color: #ffffff !important;}&#8221;][vc_column][vc_column_text css=&#8221;&#8221;]<\/p>\n<h3 style=\"text-align: center;\">3.Realitza les teves comandes<\/h3>\n<p>[\/vc_column_text][vc_column_text css=&#8221;&#8221;]<\/p>\n<p style=\"text-align: center;\"><strong>Desc\u00e0rrega el Cat\u00e0leg<\/strong> amb tots els nostres productes, realitza quants demanats com vulguis, esborra i afegeix productes. Una vegada estiguin llestos totes les teves comandes, fes clic a &#8220;Enviar&#8221;. La comanda final ser\u00e0 confirmat pel representant del grup.<\/p>\n<p>[\/vc_column_text][vc_btn title=&#8221;Cat\u00e0leg 2025&#8243; color=&#8221;black&#8221; align=&#8221;center&#8221; css=&#8221;&#8221; link=&#8221;url:https%3A%2F%2Fwww.dulcesproyectos.es%2Fwp-content%2Fuploads%2Fsites%2F2%2F2025%2F09%2FCatalogo-Colegios-Ponderosa-2025-2.pdf|target:_blank&#8221; el_class=&#8221;boton_dulce&#8221;][\/vc_column][\/vc_row][vc_row full_width=&#8221;stretch_row&#8221; disable_element=&#8221;yes&#8221; css=&#8221;.vc_custom_1731665375184{background-color: #ffffff !important;}&#8221;][vc_column][vc_column_text]<\/p>\n<h3 style=\"text-align: center;\">M\u00e1s informaci\u00f3n<\/h3>\n<p>[\/vc_column_text][vc_column_text]<\/p>\n<p style=\"text-align: center;\">Si tienes alguna duda sobre c\u00f3mo puedes financiar tu viaje fin de curso con Dulces Proyectos echa un vistazo a nuestra gu\u00eda informativa donde encontrar\u00e1s la soluci\u00f3n a todas tus preguntas.<\/p>\n<p>[\/vc_column_text][vc_btn title=&#8221;Descarga PDF informativo&#8221; color=&#8221;black&#8221; align=&#8221;center&#8221; link=&#8221;url:https%3A%2F%2Fwww.dulcesproyectos.es%2Fwp-content%2Fuploads%2Fsites%2F2%2F2018%2F06%2FPDF-Informativo-Dulces-Proyectos.pdf||target:%20_blank|&#8221; el_class=&#8221;boton_dulce&#8221;][\/vc_column][\/vc_row][vc_row full_width=&#8221;stretch_row_content&#8221; css=&#8221;.vc_custom_1531476432829{background-color: #ffffff !important;}&#8221;][vc_column][vc_empty_space height=&#8221;5px&#8221;][\/vc_column][\/vc_row]<\/p>\n<\/div>","protected":false},"excerpt":{"rendered":"<p>[vc_row full_width=&#8221;stretch_row_content&#8221; css=&#8221;.vc_custom_1531476432829{background-color: #ffffff !important;}&#8221;][vc_column][vc_empty_space height=&#8221;5px&#8221;][\/vc_column][\/vc_row][vc_row][vc_column width=&#8221;1\/2&#8243;][vc_column_text css=&#8221;&#8221;] Preguntes Freq\u00fcents [\/vc_column_text][vc_toggle title=&#8221;Puc Finan\u00e7ar un viatge en solitari?&#8221; css=&#8221;&#8221;]Les nostres campanyes de mantegades estan pensades nom\u00e9s per a viatges grupals[\/vc_toggle][vc_toggle title=&#8221;Quin tipus de viatge puc finan\u00e7ar amb Dulces Proyectos?&#8221; css=&#8221;&#8221;]Viatges culturals, esportius, escolars, universitaris, projectes ben\u00e8fics[\/vc_toggle][vc_toggle title=&#8221;Haig de pagar els productes<span class=\"excerpt-hellip\"> [\u2026]<\/span><\/p>\n","protected":false},"author":2,"featured_media":-1,"parent":0,"menu_order":0,"comment_status":"closed","ping_status":"closed","template":"","meta":{"footnotes":""},"class_list":["post-4366","page","type-page","status-publish","has-post-thumbnail","hentry"],"yoast_head":"<!-- This site is optimized with the Yoast SEO plugin v27.2 - https:\/\/yoast.com\/product\/yoast-seo-wordpress\/ -->\n<title>Crea la teva Campanya - Dulces Proyectos<\/title>\n<meta name=\"description\" content=\"Com finan\u00e7ar el meu viatge de fi de curs amb Dulces Proyectos? Descobreix els passos a seguir per a crear la teva campanya de mantegades amb Dulces Proyectos.\" \/>\n<meta name=\"robots\" content=\"index, follow, max-snippet:-1, max-image-preview:large, max-video-preview:-1\" \/>\n<link rel=\"canonical\" href=\"https:\/\/www.dulcesproyectos.es\/ca\/crea-la-teva-campanya\/\" \/>\n<meta property=\"og:locale\" content=\"ca_ES\" \/>\n<meta property=\"og:type\" content=\"article\" \/>\n<meta property=\"og:title\" content=\"Crea la teva Campanya - Dulces Proyectos\" \/>\n<meta property=\"og:description\" content=\"Com finan\u00e7ar el meu viatge de fi de curs amb Dulces Proyectos? Descobreix els passos a seguir per a crear la teva campanya de mantegades amb Dulces Proyectos.\" \/>\n<meta property=\"og:url\" content=\"https:\/\/www.dulcesproyectos.es\/ca\/crea-la-teva-campanya\/\" \/>\n<meta property=\"og:site_name\" content=\"Dulces Proyectos\" \/>\n<meta property=\"article:modified_time\" content=\"2025-11-28T12:26:10+00:00\" \/>\n<meta name=\"twitter:card\" content=\"summary_large_image\" \/>\n<meta name=\"twitter:label1\" content=\"Temps estimat de lectura\" \/>\n\t<meta name=\"twitter:data1\" content=\"3 minuts\" \/>\n<script type=\"application\/ld+json\" class=\"yoast-schema-graph\">{\"@context\":\"https:\/\/schema.org\",\"@graph\":[{\"@type\":\"WebPage\",\"@id\":\"https:\/\/www.dulcesproyectos.es\/ca\/crea-la-teva-campanya\/\",\"url\":\"https:\/\/www.dulcesproyectos.es\/ca\/crea-la-teva-campanya\/\",\"name\":\"Crea la teva Campanya - Dulces Proyectos\",\"isPartOf\":{\"@id\":\"https:\/\/www.dulcesproyectos.es\/#website\"},\"datePublished\":\"2018-06-12T08:21:27+00:00\",\"dateModified\":\"2025-11-28T12:26:10+00:00\",\"description\":\"Com finan\u00e7ar el meu viatge de fi de curs amb Dulces Proyectos? Descobreix els passos a seguir per a crear la teva campanya de mantegades amb Dulces Proyectos.\",\"breadcrumb\":{\"@id\":\"https:\/\/www.dulcesproyectos.es\/ca\/crea-la-teva-campanya\/#breadcrumb\"},\"inLanguage\":\"ca\",\"potentialAction\":[{\"@type\":\"ReadAction\",\"target\":[\"https:\/\/www.dulcesproyectos.es\/ca\/crea-la-teva-campanya\/\"]}]},{\"@type\":\"BreadcrumbList\",\"@id\":\"https:\/\/www.dulcesproyectos.es\/ca\/crea-la-teva-campanya\/#breadcrumb\",\"itemListElement\":[{\"@type\":\"ListItem\",\"position\":1,\"name\":\"Portada\",\"item\":\"https:\/\/www.dulcesproyectos.es\/ca\/\"},{\"@type\":\"ListItem\",\"position\":2,\"name\":\"Crea la teva Campanya\"}]},{\"@type\":\"WebSite\",\"@id\":\"https:\/\/www.dulcesproyectos.es\/#website\",\"url\":\"https:\/\/www.dulcesproyectos.es\/\",\"name\":\"Dulces Proyectos\",\"description\":\"Financiar y Organizar Viaje fin de curso - Venta de Mantecados\",\"potentialAction\":[{\"@type\":\"SearchAction\",\"target\":{\"@type\":\"EntryPoint\",\"urlTemplate\":\"https:\/\/www.dulcesproyectos.es\/?s={search_term_string}\"},\"query-input\":{\"@type\":\"PropertyValueSpecification\",\"valueRequired\":true,\"valueName\":\"search_term_string\"}}],\"inLanguage\":\"ca\"}]}<\/script>\n<!-- \/ Yoast SEO plugin. -->","yoast_head_json":{"title":"Crea la teva Campanya - Dulces Proyectos","description":"Com finan\u00e7ar el meu viatge de fi de curs amb Dulces Proyectos? Descobreix els passos a seguir per a crear la teva campanya de mantegades amb Dulces Proyectos.","robots":{"index":"index","follow":"follow","max-snippet":"max-snippet:-1","max-image-preview":"max-image-preview:large","max-video-preview":"max-video-preview:-1"},"canonical":"https:\/\/www.dulcesproyectos.es\/ca\/crea-la-teva-campanya\/","og_locale":"ca_ES","og_type":"article","og_title":"Crea la teva Campanya - Dulces Proyectos","og_description":"Com finan\u00e7ar el meu viatge de fi de curs amb Dulces Proyectos? Descobreix els passos a seguir per a crear la teva campanya de mantegades amb Dulces Proyectos.","og_url":"https:\/\/www.dulcesproyectos.es\/ca\/crea-la-teva-campanya\/","og_site_name":"Dulces Proyectos","article_modified_time":"2025-11-28T12:26:10+00:00","twitter_card":"summary_large_image","twitter_misc":{"Temps estimat de lectura":"3 minuts"},"schema":{"@context":"https:\/\/schema.org","@graph":[{"@type":"WebPage","@id":"https:\/\/www.dulcesproyectos.es\/ca\/crea-la-teva-campanya\/","url":"https:\/\/www.dulcesproyectos.es\/ca\/crea-la-teva-campanya\/","name":"Crea la teva Campanya - Dulces Proyectos","isPartOf":{"@id":"https:\/\/www.dulcesproyectos.es\/#website"},"datePublished":"2018-06-12T08:21:27+00:00","dateModified":"2025-11-28T12:26:10+00:00","description":"Com finan\u00e7ar el meu viatge de fi de curs amb Dulces Proyectos? Descobreix els passos a seguir per a crear la teva campanya de mantegades amb Dulces Proyectos.","breadcrumb":{"@id":"https:\/\/www.dulcesproyectos.es\/ca\/crea-la-teva-campanya\/#breadcrumb"},"inLanguage":"ca","potentialAction":[{"@type":"ReadAction","target":["https:\/\/www.dulcesproyectos.es\/ca\/crea-la-teva-campanya\/"]}]},{"@type":"BreadcrumbList","@id":"https:\/\/www.dulcesproyectos.es\/ca\/crea-la-teva-campanya\/#breadcrumb","itemListElement":[{"@type":"ListItem","position":1,"name":"Portada","item":"https:\/\/www.dulcesproyectos.es\/ca\/"},{"@type":"ListItem","position":2,"name":"Crea la teva Campanya"}]},{"@type":"WebSite","@id":"https:\/\/www.dulcesproyectos.es\/#website","url":"https:\/\/www.dulcesproyectos.es\/","name":"Dulces Proyectos","description":"Financiar y Organizar Viaje fin de curso - Venta de Mantecados","potentialAction":[{"@type":"SearchAction","target":{"@type":"EntryPoint","urlTemplate":"https:\/\/www.dulcesproyectos.es\/?s={search_term_string}"},"query-input":{"@type":"PropertyValueSpecification","valueRequired":true,"valueName":"search_term_string"}}],"inLanguage":"ca"}]}},"_links":{"self":[{"href":"https:\/\/www.dulcesproyectos.es\/ca\/wp-json\/wp\/v2\/pages\/4366","targetHints":{"allow":["GET"]}}],"collection":[{"href":"https:\/\/www.dulcesproyectos.es\/ca\/wp-json\/wp\/v2\/pages"}],"about":[{"href":"https:\/\/www.dulcesproyectos.es\/ca\/wp-json\/wp\/v2\/types\/page"}],"author":[{"embeddable":true,"href":"https:\/\/www.dulcesproyectos.es\/ca\/wp-json\/wp\/v2\/users\/2"}],"replies":[{"embeddable":true,"href":"https:\/\/www.dulcesproyectos.es\/ca\/wp-json\/wp\/v2\/comments?post=4366"}],"version-history":[{"count":10,"href":"https:\/\/www.dulcesproyectos.es\/ca\/wp-json\/wp\/v2\/pages\/4366\/revisions"}],"predecessor-version":[{"id":4377,"href":"https:\/\/www.dulcesproyectos.es\/ca\/wp-json\/wp\/v2\/pages\/4366\/revisions\/4377"}],"wp:featuredmedia":[{"embeddable":true,"href":"https:\/\/www.dulcesproyectos.es\/ca\/wp-json\/"}],"wp:attachment":[{"href":"https:\/\/www.dulcesproyectos.es\/ca\/wp-json\/wp\/v2\/media?parent=4366"}],"curies":[{"name":"wp","href":"https:\/\/api.w.org\/{rel}","templated":true}]}}